{"id":122,"date":"2018-10-14T10:04:49","date_gmt":"2018-10-14T10:04:49","guid":{"rendered":"http:\/\/schluesselfeld-blog.de\/?page_id=122"},"modified":"2020-12-05T16:34:53","modified_gmt":"2020-12-05T16:34:53","slug":"ueber-mich","status":"publish","type":"page","link":"http:\/\/schluesselfeld-blog.de\/?page_id=122","title":{"rendered":"\u00dcber mich"},"content":{"rendered":"<p style=\"text-align: justify;\"><img loading=\"lazy\" class=\"alignleft wp-image-123 size-medium\" src=\"http:\/\/schluesselfeld-blog.de\/wp-content\/uploads\/2018\/10\/b\u00fcrom\u00e4\u00dfig-f\u00fcrs-Internet-verkleinert-e1539511389619-160x300.jpg\" alt=\"\" width=\"160\" height=\"300\" srcset=\"http:\/\/schluesselfeld-blog.de\/wp-content\/uploads\/2018\/10\/b\u00fcrom\u00e4\u00dfig-f\u00fcrs-Internet-verkleinert-e1539511389619-160x300.jpg 160w, http:\/\/schluesselfeld-blog.de\/wp-content\/uploads\/2018\/10\/b\u00fcrom\u00e4\u00dfig-f\u00fcrs-Internet-verkleinert-e1539511389619-768x1437.jpg 768w, http:\/\/schluesselfeld-blog.de\/wp-content\/uploads\/2018\/10\/b\u00fcrom\u00e4\u00dfig-f\u00fcrs-Internet-verkleinert-e1539511389619-547x1024.jpg 547w, http:\/\/schluesselfeld-blog.de\/wp-content\/uploads\/2018\/10\/b\u00fcrom\u00e4\u00dfig-f\u00fcrs-Internet-verkleinert-e1539511389619.jpg 1105w\" sizes=\"(max-width: 160px) 100vw, 160px\" \/>Mein Name ist Ingrid Neufeld und ich bin 2018 nach Schl\u00fcsselfeld gezogen. Da ich schon immer gern schreibe und auch mehrere Blogs von mir im Internet existieren, liegt es f\u00fcr mich auf der Hand, dass ich \u00fcber meine neue Heimat einen Blog anlege.<\/p>\n<p style=\"text-align: justify;\">Meine bisherigen Blogs besch\u00e4ftigen sich z. B. mit dem <a href=\"http:\/\/moderne-bewerbung.de\/\" target=\"_blank\" rel=\"noopener\">Erstellen von Bewerbungsunterlagen<\/a>, <a href=\"http:\/\/lebens-und-karriereberatung.de\/\">Lebens-und-Karriereberatung<\/a> und dem Bereich <a href=\"http:\/\/papaspausenblog.de\/\" target=\"_blank\" rel=\"noopener\">\u201eErziehung\u201c<\/a>.<\/p>\n<p style=\"text-align: justify;\">Beruflich war ich lange Jahre im Erziehungsbereich t\u00e4tig und hatte mit Kindern jeden Alters zu tun. Zuletzt habe ich mehrere Jahre mit Fl\u00fcchtlingen gearbeitet, u. a. habe ich junge Menschen angeleitet, damit sie in Deutschland beruflich Fu\u00df fassen konnten. So habe ich sowohl im Erziehungswesen als auch im beruflich unterst\u00fctzenden Bereich vielf\u00e4ltige Erfahrungen gesammelt.<\/p>\n<p style=\"text-align: justify;\">Es existieren auch weitere \u201eSpa\u00df-Blogs\u201c, beispielsweise ein <a href=\"https:\/\/sonnenwichtel.blogspot.com\/\" target=\"_blank\" rel=\"noopener\">Geschichtenblog<\/a>.<\/p>\n<p style=\"text-align: justify;\">Jetzt haben Sie mich schon ein wenig kennengelernt. Die Texte und Fotos stammen von mir (K\u00fcrzel I. N.), es sei denn die Urheberschaft ist anders ausgewiesen.<\/p>\n<p style=\"text-align: justify;\">Ich w\u00fcnsche Ihnen viel Spa\u00df auf meinem Blog!<\/p>\n","protected":false},"excerpt":{"rendered":"<p>Mein Name ist Ingrid Neufeld und ich bin 2018 nach Schl\u00fcsselfeld gezogen. Da ich schon immer gern schreibe und auch mehrere Blogs von mir im Internet existieren, liegt es f\u00fcr mich auf der Hand, dass ich \u00fcber meine neue Heimat einen Blog anlege. Meine bisherigen Blogs besch\u00e4ftigen sich z. B. mit dem Erstellen von Bewerbungsunterlagen, Lebens-und-Karriereberatung und dem Bereich \u201eErziehung\u201c. Beruflich war ich lange Jahre im Erziehungsbereich t\u00e4tig und hatte mit Kindern jeden Alters zu tun. Zuletzt habe ich mehrere Jahre mit Fl\u00fcchtlingen gearbeitet, u. a. habe ich junge Menschen angeleitet, damit sie in Deutschland beruflich Fu\u00df fassen konnten. So habe ich sowohl im Erziehungswesen als auch im beruflich unterst\u00fctzenden Bereich vielf\u00e4ltige Erfahrungen gesammelt. Es existieren auch weitere \u201eSpa\u00df-Blogs\u201c, beispielsweise ein Geschichtenblog. Jetzt haben Sie mich schon ein wenig kennengelernt. Die Texte und Fotos stammen von mir (K\u00fcrzel I. N.), es sei denn die Urheberschaft ist anders ausgewiesen. Ich w\u00fcnsche Ihnen viel Spa\u00df auf meinem Blog!<\/p>\n","protected":false},"author":1,"featured_media":0,"parent":0,"menu_order":0,"comment_status":"closed","ping_status":"closed","template":"","meta":[],"_links":{"self":[{"href":"http:\/\/schluesselfeld-blog.de\/index.php?rest_route=\/wp\/v2\/pages\/122"}],"collection":[{"href":"http:\/\/schluesselfeld-blog.de\/index.php?rest_route=\/wp\/v2\/pages"}],"about":[{"href":"http:\/\/schluesselfeld-blog.de\/index.php?rest_route=\/wp\/v2\/types\/page"}],"author":[{"embeddable":true,"href":"http:\/\/schluesselfeld-blog.de\/index.php?rest_route=\/wp\/v2\/users\/1"}],"replies":[{"embeddable":true,"href":"http:\/\/schluesselfeld-blog.de\/index.php?rest_route=%2Fwp%2Fv2%2Fcomments&post=122"}],"version-history":[{"count":9,"href":"http:\/\/schluesselfeld-blog.de\/index.php?rest_route=\/wp\/v2\/pages\/122\/revisions"}],"predecessor-version":[{"id":440,"href":"http:\/\/schluesselfeld-blog.de\/index.php?rest_route=\/wp\/v2\/pages\/122\/revisions\/440"}],"wp:attachment":[{"href":"http:\/\/schluesselfeld-blog.de\/index.php?rest_route=%2Fwp%2Fv2%2Fmedia&parent=122"}],"curies":[{"name":"wp","href":"https:\/\/api.w.org\/{rel}","templated":true}]}}